{"id":102,"date":"2024-02-21T19:30:14","date_gmt":"2024-02-21T19:30:14","guid":{"rendered":"https:\/\/bindi.websolutionsmx.com\/?post_type=product&#038;p=102"},"modified":"2024-02-21T19:31:41","modified_gmt":"2024-02-21T19:31:41","slug":"preparacion-al-parto-natural-consciente-fisico","status":"publish","type":"product","link":"https:\/\/bindi.websolutionsmx.com\/index.php\/producto\/preparacion-al-parto-natural-consciente-fisico\/","title":{"rendered":"Preparaci\u00f3n al parto natural consciente (F\u00edsico)"},"content":{"rendered":"<p>Uni\u00f3n de psicoprofilaxis obst\u00e9trica y t\u00e9cnicas de yoga para gestantes, para informar y evitar miedo, incertidumbre y errores durante el embarazo y alumbramiento<\/p>\n","protected":false},"excerpt":{"rendered":"<p>Libro<\/p>\n","protected":false},"featured_media":149,"comment_status":"open","ping_status":"closed","template":"","meta":[],"product_cat":[19],"product_tag":[],"class_list":{"0":"post-102","1":"product","2":"type-product","3":"status-publish","4":"has-post-thumbnail","6":"product_cat-aceites-y-libros","8":"first","9":"instock","10":"shipping-taxable","11":"purchasable","12":"product-type-simple"},"_links":{"self":[{"href":"https:\/\/bindi.websolutionsmx.com\/index.php\/wp-json\/wp\/v2\/product\/102","targetHints":{"allow":["GET"]}}],"collection":[{"href":"https:\/\/bindi.websolutionsmx.com\/index.php\/wp-json\/wp\/v2\/product"}],"about":[{"href":"https:\/\/bindi.websolutionsmx.com\/index.php\/wp-json\/wp\/v2\/types\/product"}],"replies":[{"embeddable":true,"href":"https:\/\/bindi.websolutionsmx.com\/index.php\/wp-json\/wp\/v2\/comments?post=102"}],"wp:featuredmedia":[{"embeddable":true,"href":"https:\/\/bindi.websolutionsmx.com\/index.php\/wp-json\/wp\/v2\/media\/149"}],"wp:attachment":[{"href":"https:\/\/bindi.websolutionsmx.com\/index.php\/wp-json\/wp\/v2\/media?parent=102"}],"wp:term":[{"taxonomy":"product_cat","embeddable":true,"href":"https:\/\/bindi.websolutionsmx.com\/index.php\/wp-json\/wp\/v2\/product_cat?post=102"},{"taxonomy":"product_tag","embeddable":true,"href":"https:\/\/bindi.websolutionsmx.com\/index.php\/wp-json\/wp\/v2\/product_tag?post=102"}],"curies":[{"name":"wp","href":"https:\/\/api.w.org\/{rel}","templated":true}]}}