{"id":110,"date":"2024-02-21T19:30:38","date_gmt":"2024-02-21T19:30:38","guid":{"rendered":"https:\/\/bindi.websolutionsmx.com\/?post_type=product&#038;p=110"},"modified":"2024-02-21T19:31:45","modified_gmt":"2024-02-21T19:31:45","slug":"kit-de-orgonitas-regular","status":"publish","type":"product","link":"https:\/\/bindi.websolutionsmx.com\/index.php\/producto\/kit-de-orgonitas-regular\/","title":{"rendered":"Kit de orgonitas Regular"},"content":{"rendered":"<p>Equilibran el sistema energ\u00e9tico, ya sea en el cuerpo, en un lugar, animales o plantas. Efectivas para anular la radiaci\u00f3n de los aparatos y las antenas. Se autolimpian. En enfermedades agudas,  golpes, dolor e inflamaci\u00f3n. de uso regular<\/p>\n","protected":false},"excerpt":{"rendered":"<p>Piezas de resina, cuarzo y metal que equilibran el sistema energ\u00e9tico y se autolimpian.<\/p>\n","protected":false},"featured_media":151,"comment_status":"open","ping_status":"closed","template":"","meta":[],"product_cat":[20],"product_tag":[],"class_list":{"0":"post-110","1":"product","2":"type-product","3":"status-publish","4":"has-post-thumbnail","6":"product_cat-cuarzos-y-orgonitas","8":"first","9":"instock","10":"shipping-taxable","11":"purchasable","12":"product-type-simple"},"_links":{"self":[{"href":"https:\/\/bindi.websolutionsmx.com\/index.php\/wp-json\/wp\/v2\/product\/110","targetHints":{"allow":["GET"]}}],"collection":[{"href":"https:\/\/bindi.websolutionsmx.com\/index.php\/wp-json\/wp\/v2\/product"}],"about":[{"href":"https:\/\/bindi.websolutionsmx.com\/index.php\/wp-json\/wp\/v2\/types\/product"}],"replies":[{"embeddable":true,"href":"https:\/\/bindi.websolutionsmx.com\/index.php\/wp-json\/wp\/v2\/comments?post=110"}],"wp:featuredmedia":[{"embeddable":true,"href":"https:\/\/bindi.websolutionsmx.com\/index.php\/wp-json\/wp\/v2\/media\/151"}],"wp:attachment":[{"href":"https:\/\/bindi.websolutionsmx.com\/index.php\/wp-json\/wp\/v2\/media?parent=110"}],"wp:term":[{"taxonomy":"product_cat","embeddable":true,"href":"https:\/\/bindi.websolutionsmx.com\/index.php\/wp-json\/wp\/v2\/product_cat?post=110"},{"taxonomy":"product_tag","embeddable":true,"href":"https:\/\/bindi.websolutionsmx.com\/index.php\/wp-json\/wp\/v2\/product_tag?post=110"}],"curies":[{"name":"wp","href":"https:\/\/api.w.org\/{rel}","templated":true}]}}