{"id":122,"date":"2024-02-21T19:31:01","date_gmt":"2024-02-21T19:31:01","guid":{"rendered":"https:\/\/bindi.websolutionsmx.com\/?post_type=product&#038;p=122"},"modified":"2024-02-21T19:31:56","modified_gmt":"2024-02-21T19:31:56","slug":"botella-de-cuarzo-obelisco","status":"publish","type":"product","link":"https:\/\/bindi.websolutionsmx.com\/index.php\/producto\/botella-de-cuarzo-obelisco\/","title":{"rendered":"Botella de cuarzo obelisco"},"content":{"rendered":"<p>Estructura y mejora la absorci\u00f3n de nutrientes y compuestos curativos, ayuda a equilibrar emociones. Preguntar disponibilidad: citrino (diabetes y cr\u00f3nicas), blanco (limpieza), morado (mentales), lapizlazuli (comunicaci\u00f3n), rosa (amor incondicional).<\/p>\n","protected":false},"excerpt":{"rendered":"<p>Botella de vidrio con cuarzos para estructurar agua.<\/p>\n","protected":false},"featured_media":166,"comment_status":"open","ping_status":"closed","template":"","meta":[],"product_cat":[20],"product_tag":[],"class_list":{"0":"post-122","1":"product","2":"type-product","3":"status-publish","4":"has-post-thumbnail","6":"product_cat-cuarzos-y-orgonitas","8":"first","9":"instock","10":"shipping-taxable","11":"purchasable","12":"product-type-simple"},"_links":{"self":[{"href":"https:\/\/bindi.websolutionsmx.com\/index.php\/wp-json\/wp\/v2\/product\/122","targetHints":{"allow":["GET"]}}],"collection":[{"href":"https:\/\/bindi.websolutionsmx.com\/index.php\/wp-json\/wp\/v2\/product"}],"about":[{"href":"https:\/\/bindi.websolutionsmx.com\/index.php\/wp-json\/wp\/v2\/types\/product"}],"replies":[{"embeddable":true,"href":"https:\/\/bindi.websolutionsmx.com\/index.php\/wp-json\/wp\/v2\/comments?post=122"}],"wp:featuredmedia":[{"embeddable":true,"href":"https:\/\/bindi.websolutionsmx.com\/index.php\/wp-json\/wp\/v2\/media\/166"}],"wp:attachment":[{"href":"https:\/\/bindi.websolutionsmx.com\/index.php\/wp-json\/wp\/v2\/media?parent=122"}],"wp:term":[{"taxonomy":"product_cat","embeddable":true,"href":"https:\/\/bindi.websolutionsmx.com\/index.php\/wp-json\/wp\/v2\/product_cat?post=122"},{"taxonomy":"product_tag","embeddable":true,"href":"https:\/\/bindi.websolutionsmx.com\/index.php\/wp-json\/wp\/v2\/product_tag?post=122"}],"curies":[{"name":"wp","href":"https:\/\/api.w.org\/{rel}","templated":true}]}}