{"id":152,"date":"2024-02-21T19:31:48","date_gmt":"2024-02-21T19:31:48","guid":{"rendered":"https:\/\/bindi.websolutionsmx.com\/?post_type=product&#038;p=152"},"modified":"2024-02-21T19:32:40","modified_gmt":"2024-02-21T19:32:40","slug":"aceite-esencial-a-ealbahaca","status":"publish","type":"product","link":"https:\/\/bindi.websolutionsmx.com\/index.php\/producto\/aceite-esencial-a-ealbahaca\/","title":{"rendered":"Aceite Esencial (A.E)\nAlbahaca"},"content":{"rendered":"<p>T\u00f3pico:  relajante muscular, antiespasm\u00f3dico, esguinces, lesiones. Refresca la mente, mejora memoria, atenci\u00f3n y fatiga mental. Tos o asma<br \/>\nEvitar en epil\u00e9pticos y embarazadas<\/p>\n","protected":false},"excerpt":{"rendered":"<p>De olor ligero, fresco y dulce<br \/>\nUn gran aliado en la cocina<br \/>\ningerido y uso t\u00f3pico               5 ml<\/p>\n","protected":false},"featured_media":183,"comment_status":"open","ping_status":"closed","template":"","meta":[],"product_cat":[21],"product_tag":[],"class_list":{"0":"post-152","1":"product","2":"type-product","3":"status-publish","4":"has-post-thumbnail","6":"product_cat-bienestar","8":"first","9":"instock","10":"shipping-taxable","11":"purchasable","12":"product-type-simple"},"_links":{"self":[{"href":"https:\/\/bindi.websolutionsmx.com\/index.php\/wp-json\/wp\/v2\/product\/152","targetHints":{"allow":["GET"]}}],"collection":[{"href":"https:\/\/bindi.websolutionsmx.com\/index.php\/wp-json\/wp\/v2\/product"}],"about":[{"href":"https:\/\/bindi.websolutionsmx.com\/index.php\/wp-json\/wp\/v2\/types\/product"}],"replies":[{"embeddable":true,"href":"https:\/\/bindi.websolutionsmx.com\/index.php\/wp-json\/wp\/v2\/comments?post=152"}],"wp:featuredmedia":[{"embeddable":true,"href":"https:\/\/bindi.websolutionsmx.com\/index.php\/wp-json\/wp\/v2\/media\/183"}],"wp:attachment":[{"href":"https:\/\/bindi.websolutionsmx.com\/index.php\/wp-json\/wp\/v2\/media?parent=152"}],"wp:term":[{"taxonomy":"product_cat","embeddable":true,"href":"https:\/\/bindi.websolutionsmx.com\/index.php\/wp-json\/wp\/v2\/product_cat?post=152"},{"taxonomy":"product_tag","embeddable":true,"href":"https:\/\/bindi.websolutionsmx.com\/index.php\/wp-json\/wp\/v2\/product_tag?post=152"}],"curies":[{"name":"wp","href":"https:\/\/api.w.org\/{rel}","templated":true}]}}