{"id":154,"date":"2024-02-21T19:31:48","date_gmt":"2024-02-21T19:31:48","guid":{"rendered":"https:\/\/bindi.websolutionsmx.com\/?post_type=product&#038;p=154"},"modified":"2024-02-21T19:32:46","modified_gmt":"2024-02-21T19:32:46","slug":"black-pepper","status":"publish","type":"product","link":"https:\/\/bindi.websolutionsmx.com\/index.php\/producto\/black-pepper\/","title":{"rendered":"Black Pepper"},"content":{"rendered":"<p>Antiinflamatorio, analg\u00e9sico. Estimula fuerza y vitalidad. Gran apoyo para dejar adicciones, disminuye ansiedad. T\u00f3pico en articulaciones inflamadas, mejora circulaci\u00f3n. dolor neurop\u00e1tico, infecci\u00f3n por hongos En caso de irritaci\u00f3n, aplica A. Vehicular V6, para diluir<\/p>\n","protected":false},"excerpt":{"rendered":"<p>De olor y sabor intensos. Topicamente puede ser muy irritante, usar dilu\u00eddo<br \/>\nIngerido y uso t\u00f3pico                    5 ml<\/p>\n","protected":false},"featured_media":185,"comment_status":"open","ping_status":"closed","template":"","meta":[],"product_cat":[22],"product_tag":[],"class_list":{"0":"post-154","1":"product","2":"type-product","3":"status-publish","4":"has-post-thumbnail","6":"product_cat-aromaterapia-young-living","8":"first","9":"instock","10":"shipping-taxable","11":"purchasable","12":"product-type-simple"},"_links":{"self":[{"href":"https:\/\/bindi.websolutionsmx.com\/index.php\/wp-json\/wp\/v2\/product\/154","targetHints":{"allow":["GET"]}}],"collection":[{"href":"https:\/\/bindi.websolutionsmx.com\/index.php\/wp-json\/wp\/v2\/product"}],"about":[{"href":"https:\/\/bindi.websolutionsmx.com\/index.php\/wp-json\/wp\/v2\/types\/product"}],"replies":[{"embeddable":true,"href":"https:\/\/bindi.websolutionsmx.com\/index.php\/wp-json\/wp\/v2\/comments?post=154"}],"wp:featuredmedia":[{"embeddable":true,"href":"https:\/\/bindi.websolutionsmx.com\/index.php\/wp-json\/wp\/v2\/media\/185"}],"wp:attachment":[{"href":"https:\/\/bindi.websolutionsmx.com\/index.php\/wp-json\/wp\/v2\/media?parent=154"}],"wp:term":[{"taxonomy":"product_cat","embeddable":true,"href":"https:\/\/bindi.websolutionsmx.com\/index.php\/wp-json\/wp\/v2\/product_cat?post=154"},{"taxonomy":"product_tag","embeddable":true,"href":"https:\/\/bindi.websolutionsmx.com\/index.php\/wp-json\/wp\/v2\/product_tag?post=154"}],"curies":[{"name":"wp","href":"https:\/\/api.w.org\/{rel}","templated":true}]}}