{"id":159,"date":"2024-02-21T19:31:49","date_gmt":"2024-02-21T19:31:49","guid":{"rendered":"https:\/\/bindi.websolutionsmx.com\/?post_type=product&#038;p=159"},"modified":"2024-02-21T19:32:59","modified_gmt":"2024-02-21T19:32:59","slug":"citronelainhalarlo-puede-alterar-ritmo-cardiaco","status":"publish","type":"product","link":"https:\/\/bindi.websolutionsmx.com\/index.php\/producto\/citronelainhalarlo-puede-alterar-ritmo-cardiaco\/","title":{"rendered":"Citronela\nInhalarlo puede alterar ritmo cardiaco"},"content":{"rendered":"<p>Poderoso antioxidante, antiinflamatorio, antiespasm\u00f3dico, antiparas\u00edtico. Ayuda a disminuir la excesiva: transpiraci\u00f3n; grasa de cara y cuero cabelludo<br \/>\nUsado en: Infecciones respiratorias, par\u00e1sitos intestinales y problemas digestivos. Dolor muscular o neurop\u00e1tico<\/p>\n","protected":false},"excerpt":{"rendered":"<p>Delicado aroma c\u00edtrico, refresca el ambiente, elimina malos olores y ahuyenta mosquitos<br \/>\n15 ml<\/p>\n","protected":false},"featured_media":190,"comment_status":"open","ping_status":"closed","template":"","meta":[],"product_cat":[22],"product_tag":[],"class_list":{"0":"post-159","1":"product","2":"type-product","3":"status-publish","4":"has-post-thumbnail","6":"product_cat-aromaterapia-young-living","8":"first","9":"instock","10":"shipping-taxable","11":"purchasable","12":"product-type-simple"},"_links":{"self":[{"href":"https:\/\/bindi.websolutionsmx.com\/index.php\/wp-json\/wp\/v2\/product\/159","targetHints":{"allow":["GET"]}}],"collection":[{"href":"https:\/\/bindi.websolutionsmx.com\/index.php\/wp-json\/wp\/v2\/product"}],"about":[{"href":"https:\/\/bindi.websolutionsmx.com\/index.php\/wp-json\/wp\/v2\/types\/product"}],"replies":[{"embeddable":true,"href":"https:\/\/bindi.websolutionsmx.com\/index.php\/wp-json\/wp\/v2\/comments?post=159"}],"wp:featuredmedia":[{"embeddable":true,"href":"https:\/\/bindi.websolutionsmx.com\/index.php\/wp-json\/wp\/v2\/media\/190"}],"wp:attachment":[{"href":"https:\/\/bindi.websolutionsmx.com\/index.php\/wp-json\/wp\/v2\/media?parent=159"}],"wp:term":[{"taxonomy":"product_cat","embeddable":true,"href":"https:\/\/bindi.websolutionsmx.com\/index.php\/wp-json\/wp\/v2\/product_cat?post=159"},{"taxonomy":"product_tag","embeddable":true,"href":"https:\/\/bindi.websolutionsmx.com\/index.php\/wp-json\/wp\/v2\/product_tag?post=159"}],"curies":[{"name":"wp","href":"https:\/\/api.w.org\/{rel}","templated":true}]}}