{"id":161,"date":"2024-02-21T19:31:49","date_gmt":"2024-02-21T19:31:49","guid":{"rendered":"https:\/\/bindi.websolutionsmx.com\/?post_type=product&#038;p=161"},"modified":"2024-02-21T19:33:07","modified_gmt":"2024-02-21T19:33:07","slug":"clavoevite-con-anticoagulantespuede-ser-muy-irritante-en-piel-use-diluido","status":"publish","type":"product","link":"https:\/\/bindi.websolutionsmx.com\/index.php\/producto\/clavoevite-con-anticoagulantespuede-ser-muy-irritante-en-piel-use-diluido\/","title":{"rendered":"Clavo\nEvite con anticoagulantes\nPuede ser muy irritante en piel, use diluido"},"content":{"rendered":"<p>Antitumoral, antienvejecimiento, antimic\u00f3tico, antitumoral, antimicrobial, anest\u00e9sico, analg\u00e9sico, antiinflamatorio<br \/>\nUsado en: Problemas bucales como dentici\u00f3n, caries, aftas, gingivitis, infecciones bucales.<br \/>\nEnfermedades cardiovasculares, diabetes, arterioesclerosis. degeneraci\u00f3n macular, glaucoma<\/p>\n","protected":false},"excerpt":{"rendered":"<p>El m\u00e1s potente antioxidante<br \/>\nCoadyuvante en toda infecci\u00f3n.<br \/>\n5 ml<\/p>\n","protected":false},"featured_media":192,"comment_status":"open","ping_status":"closed","template":"","meta":[],"product_cat":[22],"product_tag":[],"class_list":{"0":"post-161","1":"product","2":"type-product","3":"status-publish","4":"has-post-thumbnail","6":"product_cat-aromaterapia-young-living","8":"first","9":"instock","10":"shipping-taxable","11":"purchasable","12":"product-type-simple"},"_links":{"self":[{"href":"https:\/\/bindi.websolutionsmx.com\/index.php\/wp-json\/wp\/v2\/product\/161","targetHints":{"allow":["GET"]}}],"collection":[{"href":"https:\/\/bindi.websolutionsmx.com\/index.php\/wp-json\/wp\/v2\/product"}],"about":[{"href":"https:\/\/bindi.websolutionsmx.com\/index.php\/wp-json\/wp\/v2\/types\/product"}],"replies":[{"embeddable":true,"href":"https:\/\/bindi.websolutionsmx.com\/index.php\/wp-json\/wp\/v2\/comments?post=161"}],"wp:featuredmedia":[{"embeddable":true,"href":"https:\/\/bindi.websolutionsmx.com\/index.php\/wp-json\/wp\/v2\/media\/192"}],"wp:attachment":[{"href":"https:\/\/bindi.websolutionsmx.com\/index.php\/wp-json\/wp\/v2\/media?parent=161"}],"wp:term":[{"taxonomy":"product_cat","embeddable":true,"href":"https:\/\/bindi.websolutionsmx.com\/index.php\/wp-json\/wp\/v2\/product_cat?post=161"},{"taxonomy":"product_tag","embeddable":true,"href":"https:\/\/bindi.websolutionsmx.com\/index.php\/wp-json\/wp\/v2\/product_tag?post=161"}],"curies":[{"name":"wp","href":"https:\/\/api.w.org\/{rel}","templated":true}]}}